{"id":1249,"date":"2016-10-23T18:42:00","date_gmt":"2016-10-23T17:42:00","guid":{"rendered":"http:\/\/www.sivom-bethunois.xyz\/?page_id=1249"},"modified":"2025-04-10T13:19:32","modified_gmt":"2025-04-10T11:19:32","slug":"chrysalide","status":"publish","type":"page","link":"https:\/\/www.sivom-bethunois.fr\/index.php\/social\/chrysalide\/","title":{"rendered":"CSAPA"},"content":{"rendered":"<div id=\"cs-content\" class=\"cs-content\"><div id=\"x-section-1\" class=\"x-section\" style=\"margin: 0px;padding: 0px; background-color: transparent;\" ><div id=\"\" class=\"x-container\" style=\"margin: 0px auto;padding: 0px;\" ><div  class=\"x-column x-sm x-1-1\" style=\"padding: 0px;\" ><div  class=\"x-feature-box left-text middle-text cf\" style=\" max-width: none;\" data-x-element=\"feature_box\" data-x-params=\"{&quot;child&quot;:false,&quot;graphicAnimation&quot;:&quot;flip&quot;,&quot;graphicAnimationOffset&quot;:&quot;50&quot;,&quot;graphicAnimationDelay&quot;:&quot;0&quot;}\"><div class=\"x-feature-box-graphic square x-feature-box-align-v-middle\"><div class=\"x-feature-box-graphic-outer square\" style=\" margin-right: 20px;\"><div class=\"x-feature-box-graphic-inner square\" style=\"font-size: 60px;\"><i class=\"x-icon-stethoscope square\" data-x-icon-s=\"&#xf0f1;\"  style=\"margin: 0 auto; color: #ffffff; background-color: hsl(338, 43%, 55%);\"><\/i><\/div><\/div><\/div><div class=\"x-feature-box-content x-feature-box-align-v-middle\"><h4 class=\"x-feature-box-title\" style=\"color: hsl(338, 43%, 55%);\">Centre de Soins, d\u2019Accompagnement et de Pr\u00e9vention en Addictologie<\/h4><p class=\"x-feature-box-text\"><\/p><\/div><\/div><img decoding=\"async\"  class=\"x-img x-img-none\"  src=\"https:\/\/www.sivom-bethunois.fr\/wp-content\/uploads\/2021\/06\/Solidarite-Sante-CSAPA-titre.png\" ><\/div><\/div><\/div><div id=\"x-section-2\" class=\"x-section\" style=\"margin: 0px;padding: 0px; background-color: transparent;\" ><div id=\"\" class=\"x-container\" style=\"margin: 0px auto;padding: 0px;\" ><\/div><\/div><div id=\"x-section-3\" class=\"x-section\" style=\"margin: 0px;padding: 0px; background-color: transparent;\" ><div id=\"\" class=\"x-container\" style=\"margin: 0px auto;padding: 0px;\" ><div  class=\"x-column x-sm x-1-1\" style=\"padding: 0px;\" ><div  class=\"x-feature-box left-text middle-text cf\" style=\" max-width: none;\" data-x-element=\"feature_box\" data-x-params=\"{&quot;child&quot;:false,&quot;graphicAnimation&quot;:&quot;rubberBand&quot;,&quot;graphicAnimationOffset&quot;:&quot;50&quot;,&quot;graphicAnimationDelay&quot;:&quot;0&quot;}\"><div class=\"x-feature-box-graphic square x-feature-box-align-v-middle\"><div class=\"x-feature-box-graphic-outer square\" style=\" margin-right: 20px;\"><div class=\"x-feature-box-graphic-inner square\" style=\"font-size: 60px;\"><i class=\"x-icon-arrow-right square\" data-x-icon-s=\"&#xf061;\"  style=\"margin: 0 auto; color: #ffffff; background-color: hsl(338, 67%, 65%);\"><\/i><\/div><\/div><\/div><div class=\"x-feature-box-content x-feature-box-align-v-middle\"><h4 class=\"x-feature-box-title\" style=\"color: hsl(338, 67%, 65%);\">La Chrysalide<\/h4><p class=\"x-feature-box-text\"><\/p><\/div><\/div><hr  class=\"x-hr\" style=\"border-top-width: 1px;width: 100%;\"><div id=\"\" class=\"x-text cs-ta-justify\" style=\"\" ><p>Le CSAPA du SIVOM s\u2019appelle d\u00e9sormais CSAPA La Chrysalide.<br \/>\nLe nom choisi pour la structure est le r\u00e9sultat d\u2019un consensus entre les usagers et les \u00e9lus.<\/p>\n<p>Une nouvelle plaquette de pr\u00e9sentation de la structure illustre bien la symbolique envisag\u00e9e : la transformation possible (engendr\u00e9e par les changements issus de la r\u00e9duction de consommation ou de l\u2019abstinence) ainsi qu\u2019un nouvel envol. <\/p>\n<\/div><\/div><\/div><\/div><div id=\"x-section-4\" class=\"x-section\" style=\"margin: 0px;padding: 0px; background-color: transparent;\" ><div id=\"\" class=\"x-container\" style=\"margin: 0px auto;padding: 0px;\" ><div  class=\"x-column x-sm x-1-2\" style=\"padding: 0px;\" ><div  class=\"x-accordion\" ><div  class=\"x-accordion-group\" ><div class=\"x-accordion-heading\"><a id=\"tab-69f1e89e85b39\" class=\"x-accordion-toggle collapsed\" role=\"tab\" data-x-toggle=\"collapse-b\" data-x-toggleable=\"69f1e89e85b39\" aria-selected=\"false\" aria-expanded=\"false\" aria-controls=\"panel-69f1e89e85b39\"><i class='x-framework-icon x-shortcode-accordion-icon' data-x-icon-s='&#x2b;' aria-hidden=true><\/i><span>Qui sommes-nous ?<\/span><\/a><\/div><div id=\"panel-69f1e89e85b39\" class=\"x-accordion-body x-collapsed\" role=\"tabpanel\" data-x-toggle-collapse=\"1\" data-x-toggleable=\"69f1e89e85b39\" aria-hidden=\"true\" aria-labelledby=\"tab-69f1e89e85b39\"><div class=\"x-accordion-inner\">Nous sommes une structure m\u00e9dico-sociale compos\u00e9e d\u2019une \u00e9quipe pluridisciplinaire form\u00e9e dans la prise en charge des addictions (sp\u00e9cialis\u00e9e alcool et tabac).<\/p>\n<p>Nous comptons :<br \/>\n<span style=\"color: #e26a96;\"><i  class=\"x-icon x-icon-toggle-right\" data-x-icon-s=\"&#xf152;\" aria-hidden=\"true\"><\/i><\/span> Un M\u00e9decin Addictologue<br \/>\n<span style=\"color: #e26a96;\"><i  class=\"x-icon x-icon-toggle-right\" data-x-icon-s=\"&#xf152;\" aria-hidden=\"true\"><\/i><\/span> Un Psychologue Clinicienne<br \/>\n<span style=\"color: #e26a96;\"><i  class=\"x-icon x-icon-toggle-right\" data-x-icon-s=\"&#xf152;\" aria-hidden=\"true\"><\/i><\/span> Une Infirmi\u00e8re<br \/>\n<span style=\"color: #e26a96;\"><i  class=\"x-icon x-icon-toggle-right\" data-x-icon-s=\"&#xf152;\" aria-hidden=\"true\"><\/i><\/span> Une Assistante Socio-\u00e9ducative<br \/>\n<span style=\"color: #e26a96;\"><i  class=\"x-icon x-icon-toggle-right\" data-x-icon-s=\"&#xf152;\" aria-hidden=\"true\"><\/i><\/span> Une Secr\u00e9taire<\/div><\/div><\/div><\/div><\/div><div  class=\"x-column x-sm x-1-2\" style=\"padding: 0px;\" ><div  class=\"x-accordion\" ><div  class=\"x-accordion-group\" ><div class=\"x-accordion-heading\"><a id=\"tab-69f1e89e85ca7\" class=\"x-accordion-toggle collapsed\" role=\"tab\" data-x-toggle=\"collapse-b\" data-x-toggleable=\"69f1e89e85ca7\" aria-selected=\"false\" aria-expanded=\"false\" aria-controls=\"panel-69f1e89e85ca7\"><i class='x-framework-icon x-shortcode-accordion-icon' data-x-icon-s='&#x2b;' aria-hidden=true><\/i><span>Nos missions<\/span><\/a><\/div><div id=\"panel-69f1e89e85ca7\" class=\"x-accordion-body x-collapsed\" role=\"tabpanel\" data-x-toggle-collapse=\"1\" data-x-toggleable=\"69f1e89e85ca7\" aria-hidden=\"true\" aria-labelledby=\"tab-69f1e89e85ca7\"><div class=\"x-accordion-inner\"><span style=\"color: #e26a96;\"><i  class=\"x-icon x-icon-toggle-right\" data-x-icon-s=\"&#xf152;\" aria-hidden=\"true\"><\/i><\/span> L\u2019accueil \/ l\u2019\u00e9coute<br \/>\n<span style=\"color: #e26a96;\"><i  class=\"x-icon x-icon-toggle-right\" data-x-icon-s=\"&#xf152;\" aria-hidden=\"true\"><\/i><\/span> L\u2019information<br \/>\n<span style=\"color: #e26a96;\"><i  class=\"x-icon x-icon-toggle-right\" data-x-icon-s=\"&#xf152;\" aria-hidden=\"true\"><\/i><\/span> L\u2019\u00e9valuation<br \/>\n<span style=\"color: #e26a96;\"><i  class=\"x-icon x-icon-toggle-right\" data-x-icon-s=\"&#xf152;\" aria-hidden=\"true\"><\/i><\/span> L\u2019orientation<br \/>\n<span style=\"color: #e26a96;\"><i  class=\"x-icon x-icon-toggle-right\" data-x-icon-s=\"&#xf152;\" aria-hidden=\"true\"><\/i><\/span> L\u2019accompagnement\u2026<\/p>\n<p><strong>Notre mission s&rsquo;inscrit dans une dynamique de pr\u00e9vention<\/strong><\/div><\/div><\/div><\/div><\/div><\/div><\/div><div id=\"x-section-5\" class=\"x-section\" style=\"margin: 0px;padding: 0px; background-color: transparent;\" ><div id=\"\" class=\"x-container\" style=\"margin: 0px auto;padding: 0px;\" ><div  class=\"x-column x-sm x-1-1\" style=\"padding: 0px;\" ><div  class=\"x-feature-box left-text middle-text cf\" style=\" max-width: none;\" data-x-element=\"feature_box\" data-x-params=\"{&quot;child&quot;:false,&quot;graphicAnimation&quot;:&quot;rubberBand&quot;,&quot;graphicAnimationOffset&quot;:&quot;50&quot;,&quot;graphicAnimationDelay&quot;:&quot;0&quot;}\"><div class=\"x-feature-box-graphic square x-feature-box-align-v-middle\"><div class=\"x-feature-box-graphic-outer square\" style=\" margin-right: 20px;\"><div class=\"x-feature-box-graphic-inner square\" style=\"font-size: 60px;\"><i class=\"x-icon-file-text-o square\" data-x-icon-s=\"&#xf15c;\"  style=\"margin: 0 auto; color: #ffffff; background-color: hsl(338, 67%, 65%);\"><\/i><\/div><\/div><\/div><div class=\"x-feature-box-content x-feature-box-align-v-middle\"><h4 class=\"x-feature-box-title\" style=\"color: hsl(338, 67%, 65%);\">Notre vocation<\/h4><p class=\"x-feature-box-text\"><\/p><\/div><\/div><hr  class=\"x-hr\" style=\"border-top-width: 1px;width: 100%;\"><div id=\"\" class=\"x-text cs-ta-justify\" style=\"\" ><p>Notre structure, vous propose un accompagnement individuel et personnalis\u00e9 en fonction de la demande de la personne (faire le point sur sa consommation alcool\/tabac, sur sa relation avec le produit, \u00eatre entendu sur sa difficult\u00e9, sa souffrance\u2026).<br \/>\nCet accompagnement est pluridisciplinaire (m\u00e9dico-psycho-social)<\/p>\n<p>Mais nous proposons aussi des consultations pour :<br \/>\n<i  class=\"x-icon x-icon-toggle-right\" data-x-icon-s=\"&#xf152;\" aria-hidden=\"true\"><\/i> Permettre aux membres de l\u2019entourage d\u2019exprimer une souffrance et une incapacit\u00e9 \u00e0 aider un proche dans l\u2019alcool.<br \/>\n<i  class=\"x-icon x-icon-toggle-right\" data-x-icon-s=\"&#xf152;\" aria-hidden=\"true\"><\/i> Donner la possibilit\u00e9 aux professionnels confront\u00e9s \u00e0 la probl\u00e9matique alcool dans leurs pratiques de mieux comprendre pour prendre du recul dans la relation et mieux orienter.<\/p>\n<p>Les consultations sont gratuites pour les usagers et financ\u00e9es par la Caisse Primaire d\u2019Assurance Maladie.<\/p>\n<\/div><\/div><\/div><\/div><div id=\"x-section-6\" class=\"x-section\" style=\"margin: 0px;padding: 0px; background-color: transparent;\" ><div id=\"\" class=\"x-container\" style=\"margin: 0px auto;padding: 0px;\" ><div  class=\"x-column x-sm x-1-2\" style=\"padding: 0px;\" ><div  class=\"x-accordion\" ><div  class=\"x-accordion-group\" ><div class=\"x-accordion-heading\"><a id=\"tab-69f1e89e8602a\" class=\"x-accordion-toggle collapsed\" role=\"tab\" data-x-toggle=\"collapse-b\" data-x-toggleable=\"69f1e89e8602a\" aria-selected=\"false\" aria-expanded=\"false\" aria-controls=\"panel-69f1e89e8602a\"><i class='x-framework-icon x-shortcode-accordion-icon' data-x-icon-s='&#x2b;' aria-hidden=true><\/i><span>ACCUEIL sur rendez-vous<\/span><\/a><\/div><div id=\"panel-69f1e89e8602a\" class=\"x-accordion-body x-collapsed\" role=\"tabpanel\" data-x-toggle-collapse=\"1\" data-x-toggleable=\"69f1e89e8602a\" aria-hidden=\"true\" aria-labelledby=\"tab-69f1e89e8602a\"><div class=\"x-accordion-inner\">\n<p>L&rsquo;\u00e9quipe vous accueille au si\u00e8ge du SIVOM sur rendez-vous<br \/>\n<i  class=\"x-icon x-icon-toggle-right\" data-x-icon-s=\"&#xf152;\" aria-hidden=\"true\"><\/i> Lundi, mercredi, jeudi et vendredi de 9h \u00e0 12h et de 13h \u00e0 17h<br \/>\n<i  class=\"x-icon x-icon-toggle-right\" data-x-icon-s=\"&#xf152;\" aria-hidden=\"true\"><\/i> Mardi de 9h \u00e0 12h et de 13h \u00e0 18h<br \/>\nEn dehors de ces heures, le r\u00e9pondeur t\u00e9l\u00e9phonique vous permet de laisser vos coordonn\u00e9es afin d&rsquo;\u00eatre rappel\u00e9.<\/p>\n<\/div><\/div><\/div><\/div><\/div><div  class=\"x-column x-sm x-1-2\" style=\"padding: 0px;\" ><div  class=\"x-accordion\" ><div  class=\"x-accordion-group\" ><div class=\"x-accordion-heading\"><a id=\"tab-69f1e89e860f2\" class=\"x-accordion-toggle collapsed\" role=\"tab\" data-x-toggle=\"collapse-b\" data-x-toggleable=\"69f1e89e860f2\" aria-selected=\"false\" aria-expanded=\"false\" aria-controls=\"panel-69f1e89e860f2\"><i class='x-framework-icon x-shortcode-accordion-icon' data-x-icon-s='&#x2b;' aria-hidden=true><\/i><span>ACCUEIL sur rendez-vous<\/span><\/a><\/div><div id=\"panel-69f1e89e860f2\" class=\"x-accordion-body x-collapsed\" role=\"tabpanel\" data-x-toggle-collapse=\"1\" data-x-toggleable=\"69f1e89e860f2\" aria-hidden=\"true\" aria-labelledby=\"tab-69f1e89e860f2\"><div class=\"x-accordion-inner\">\n<p>L&rsquo;\u00e9quipe vous accueille sur rendez-vous<br \/>\n<i  class=\"x-icon x-icon-toggle-right\" data-x-icon-s=\"&#xf152;\" aria-hidden=\"true\"><\/i> \u00c0 la Maison des Permanences de Lillers<br \/>\n<i  class=\"x-icon x-icon-toggle-right\" data-x-icon-s=\"&#xf152;\" aria-hidden=\"true\"><\/i> Dans les locaux de la <span>Communaut\u00e9 d&rsquo;Agglom\u00e9ration de B\u00e9thune-Bruay Artois Lys Romane<\/span>\u00a0(CABBALR) \u00e0 Noeux-Les-Mines<\/p>\n<\/div><\/div><\/div><\/div><\/div><\/div><\/div><div id=\"x-section-7\" class=\"x-section\" style=\"margin: 0px;padding: 0px; background-color: transparent;\" ><div id=\"\" class=\"x-container\" style=\"margin: 0px auto;padding: 0px;\" ><div  class=\"x-column x-sm x-1-1\" style=\"padding: 0px;\" ><div  class=\"x-feature-box left-text middle-text cf\" style=\" max-width: none;\" data-x-element=\"feature_box\" data-x-params=\"{&quot;child&quot;:false,&quot;graphicAnimation&quot;:&quot;rubberBand&quot;,&quot;graphicAnimationOffset&quot;:&quot;50&quot;,&quot;graphicAnimationDelay&quot;:&quot;0&quot;}\"><div class=\"x-feature-box-graphic square x-feature-box-align-v-middle\"><div class=\"x-feature-box-graphic-outer square\" style=\" margin-right: 20px;\"><div class=\"x-feature-box-graphic-inner square\" style=\"font-size: 60px;\"><i class=\"x-icon-file-text-o square\" data-x-icon-s=\"&#xf15c;\"  style=\"margin: 0 auto; color: #ffffff; background-color: hsl(338, 67%, 65%);\"><\/i><\/div><\/div><\/div><div class=\"x-feature-box-content x-feature-box-align-v-middle\"><h4 class=\"x-feature-box-title\" style=\"color: hsl(338, 67%, 65%);\">Plus d'informations pratiques<\/h4><p class=\"x-feature-box-text\"><\/p><\/div><\/div><div id=\"\" class=\"x-text\" style=\"\" ><p><i  class=\"x-icon x-icon-file-text-o\" data-x-icon-s=\"&#xf15c;\" aria-hidden=\"true\"><\/i> <a href=\"https:\/\/www.sivom-bethunois.fr\/wp-content\/uploads\/2025\/02\/Depliant-CSAPA-Aout-2024.pdf\" target=\"_blank\" rel=\"noopener\">D\u00e9pliant d&rsquo;informations pratiques<\/a><\/p>\n<\/div><\/div><\/div><\/div><div id=\"x-section-8\" class=\"x-section\" style=\"margin: 0px;padding: 0px; background-color: transparent;\" ><div id=\"\" class=\"x-container\" style=\"margin: 0px auto;padding: 0px;\" ><\/div><\/div><div id=\"x-section-9\" class=\"x-section\" style=\"margin: 0px;padding: 0px; background-color: transparent;\" ><div id=\"\" class=\"x-container\" style=\"margin: 0px auto;padding: 0px;\" ><\/div><\/div><div id=\"x-section-10\" class=\"x-section\" style=\"margin: 0px;padding: 0px; background-color: transparent;\" ><div id=\"\" class=\"x-container\" style=\"margin: 0px auto;padding: 0px;\" ><div  class=\"x-column x-sm x-1-1\" style=\"padding: 0px;\" ><div  class=\"x-feature-box left-text middle-text cf\" style=\" max-width: none;\" data-x-element=\"feature_box\" data-x-params=\"{&quot;child&quot;:false,&quot;graphicAnimation&quot;:&quot;rubberBand&quot;,&quot;graphicAnimationOffset&quot;:&quot;50&quot;,&quot;graphicAnimationDelay&quot;:&quot;0&quot;}\"><div class=\"x-feature-box-graphic square x-feature-box-align-v-middle\"><div class=\"x-feature-box-graphic-outer square\" style=\" margin-right: 20px;\"><div class=\"x-feature-box-graphic-inner square\" style=\"font-size: 60px;\"><i class=\"x-icon-user square\" data-x-icon-s=\"&#xf007;\"  style=\"margin: 0 auto; color: #ffffff; background-color: hsl(0, 0%, 25%);\"><\/i><\/div><\/div><\/div><div class=\"x-feature-box-content x-feature-box-align-v-middle\"><h4 class=\"x-feature-box-title\" style=\"color: hsl(0, 0%, 25%);\">Contact<\/h4><p class=\"x-feature-box-text\"><\/p><\/div><\/div><hr  class=\"x-hr\" style=\"border-top-width: 1px;width: 100%;\"><div id=\"\" class=\"x-text\" style=\"\" ><p><strong>Centre de Soins, d\u2019Accompagnement et de Pr\u00e9vention en Addictologie \u00ab\u00a0La Chrysalide\u00a0\u00bb<\/strong><br \/>\n660, rue de Lille<br \/>\n62400 B\u00e9thune\u00a0<br \/>\nT\u00e9l. : 03.21.61.55.77<\/p>\n<\/div><\/div><\/div><\/div><\/div>\n","protected":false},"excerpt":{"rendered":"","protected":false},"author":35,"featured_media":0,"parent":983,"menu_order":0,"comment_status":"closed","ping_status":"closed","template":"","meta":{"_monsterinsights_skip_tracking":false,"_monsterinsights_sitenote_active":false,"_monsterinsights_sitenote_note":"","_monsterinsights_sitenote_category":0,"footnotes":""},"class_list":["post-1249","page","type-page","status-publish","hentry","no-post-thumbnail"],"yoast_head":"<!-- This site is optimized with the Yoast SEO plugin v27.5 - https:\/\/yoast.com\/product\/yoast-seo-wordpress\/ -->\n<title>Centre de Soins, d\u2019Accompagnement et de Pr\u00e9vention en Addictologie<\/title>\n<meta name=\"description\" content=\"\u00ab La Chrysalide \u00bb accueille, informe et oriente les personnes en questionnement et\/ou en souffrance face \u00e0 des consommations \u00e0 risques.\" \/>\n<meta name=\"robots\" content=\"index, follow, max-snippet:-1, max-image-preview:large, max-video-preview:-1\" \/>\n<link rel=\"canonical\" href=\"https:\/\/www.sivom-bethunois.fr\/index.php\/social\/chrysalide\/\" \/>\n<meta property=\"og:locale\" content=\"fr_FR\" \/>\n<meta property=\"og:type\" content=\"article\" \/>\n<meta property=\"og:title\" content=\"Centre de Soins, d\u2019Accompagnement et de Pr\u00e9vention en Addictologie\" \/>\n<meta property=\"og:description\" content=\"\u00ab La Chrysalide \u00bb accueille, informe et oriente les personnes en questionnement et\/ou en souffrance face \u00e0 des consommations \u00e0 risques.\" \/>\n<meta property=\"og:url\" content=\"https:\/\/www.sivom-bethunois.fr\/index.php\/social\/chrysalide\/\" \/>\n<meta property=\"og:site_name\" content=\"SIVOM de la Communaut\u00e9 du B\u00e9thunois\" \/>\n<meta property=\"article:publisher\" content=\"https:\/\/www.facebook.com\/sivom.bethunois\" \/>\n<meta property=\"article:modified_time\" content=\"2025-04-10T11:19:32+00:00\" \/>\n<meta name=\"twitter:card\" content=\"summary_large_image\" \/>\n<meta name=\"twitter:label1\" content=\"Dur\u00e9e de lecture estim\u00e9e\" \/>\n\t<meta name=\"twitter:data1\" content=\"8 minutes\" \/>\n<script type=\"application\/ld+json\" class=\"yoast-schema-graph\">{\"@context\":\"https:\\\/\\\/schema.org\",\"@graph\":[{\"@type\":\"WebPage\",\"@id\":\"https:\\\/\\\/www.sivom-bethunois.fr\\\/index.php\\\/social\\\/chrysalide\\\/\",\"url\":\"https:\\\/\\\/www.sivom-bethunois.fr\\\/index.php\\\/social\\\/chrysalide\\\/\",\"name\":\"Centre de Soins, d\u2019Accompagnement et de Pr\u00e9vention en Addictologie\",\"isPartOf\":{\"@id\":\"https:\\\/\\\/www.sivom-bethunois.fr\\\/#website\"},\"datePublished\":\"2016-10-23T17:42:00+00:00\",\"dateModified\":\"2025-04-10T11:19:32+00:00\",\"description\":\"\u00ab La Chrysalide \u00bb accueille, informe et oriente les personnes en questionnement et\\\/ou en souffrance face \u00e0 des consommations \u00e0 risques.\",\"breadcrumb\":{\"@id\":\"https:\\\/\\\/www.sivom-bethunois.fr\\\/index.php\\\/social\\\/chrysalide\\\/#breadcrumb\"},\"inLanguage\":\"fr-FR\",\"potentialAction\":[{\"@type\":\"ReadAction\",\"target\":[\"https:\\\/\\\/www.sivom-bethunois.fr\\\/index.php\\\/social\\\/chrysalide\\\/\"]}]},{\"@type\":\"BreadcrumbList\",\"@id\":\"https:\\\/\\\/www.sivom-bethunois.fr\\\/index.php\\\/social\\\/chrysalide\\\/#breadcrumb\",\"itemListElement\":[{\"@type\":\"ListItem\",\"position\":1,\"name\":\"Accueil\",\"item\":\"https:\\\/\\\/www.sivom-bethunois.fr\\\/\"},{\"@type\":\"ListItem\",\"position\":2,\"name\":\"Solidarit\u00e9\",\"item\":\"https:\\\/\\\/www.sivom-bethunois.fr\\\/index.php\\\/social\\\/\"},{\"@type\":\"ListItem\",\"position\":3,\"name\":\"CSAPA\"}]},{\"@type\":\"WebSite\",\"@id\":\"https:\\\/\\\/www.sivom-bethunois.fr\\\/#website\",\"url\":\"https:\\\/\\\/www.sivom-bethunois.fr\\\/\",\"name\":\"SIVOM de la Communaut\u00e9 du B\u00e9thunois\",\"description\":\"Acteur de votre quotidien\",\"publisher\":{\"@id\":\"https:\\\/\\\/www.sivom-bethunois.fr\\\/#organization\"},\"potentialAction\":[{\"@type\":\"SearchAction\",\"target\":{\"@type\":\"EntryPoint\",\"urlTemplate\":\"https:\\\/\\\/www.sivom-bethunois.fr\\\/?s={search_term_string}\"},\"query-input\":{\"@type\":\"PropertyValueSpecification\",\"valueRequired\":true,\"valueName\":\"search_term_string\"}}],\"inLanguage\":\"fr-FR\"},{\"@type\":\"Organization\",\"@id\":\"https:\\\/\\\/www.sivom-bethunois.fr\\\/#organization\",\"name\":\"SIVOM de la Communaut\u00e9 du B\u00e9thunois\",\"url\":\"https:\\\/\\\/www.sivom-bethunois.fr\\\/\",\"logo\":{\"@type\":\"ImageObject\",\"inLanguage\":\"fr-FR\",\"@id\":\"https:\\\/\\\/www.sivom-bethunois.fr\\\/#\\\/schema\\\/logo\\\/image\\\/\",\"url\":\"https:\\\/\\\/www.sivom-bethunois.fr\\\/wp-content\\\/uploads\\\/2024\\\/07\\\/cropped-Logo-DG-site.png\",\"contentUrl\":\"https:\\\/\\\/www.sivom-bethunois.fr\\\/wp-content\\\/uploads\\\/2024\\\/07\\\/cropped-Logo-DG-site.png\",\"width\":512,\"height\":512,\"caption\":\"SIVOM de la Communaut\u00e9 du B\u00e9thunois\"},\"image\":{\"@id\":\"https:\\\/\\\/www.sivom-bethunois.fr\\\/#\\\/schema\\\/logo\\\/image\\\/\"},\"sameAs\":[\"https:\\\/\\\/www.facebook.com\\\/sivom.bethunois\"]}]}<\/script>\n<!-- \/ Yoast SEO plugin. -->","yoast_head_json":{"title":"Centre de Soins, d\u2019Accompagnement et de Pr\u00e9vention en Addictologie","description":"\u00ab La Chrysalide \u00bb accueille, informe et oriente les personnes en questionnement et\/ou en souffrance face \u00e0 des consommations \u00e0 risques.","robots":{"index":"index","follow":"follow","max-snippet":"max-snippet:-1","max-image-preview":"max-image-preview:large","max-video-preview":"max-video-preview:-1"},"canonical":"https:\/\/www.sivom-bethunois.fr\/index.php\/social\/chrysalide\/","og_locale":"fr_FR","og_type":"article","og_title":"Centre de Soins, d\u2019Accompagnement et de Pr\u00e9vention en Addictologie","og_description":"\u00ab La Chrysalide \u00bb accueille, informe et oriente les personnes en questionnement et\/ou en souffrance face \u00e0 des consommations \u00e0 risques.","og_url":"https:\/\/www.sivom-bethunois.fr\/index.php\/social\/chrysalide\/","og_site_name":"SIVOM de la Communaut\u00e9 du B\u00e9thunois","article_publisher":"https:\/\/www.facebook.com\/sivom.bethunois","article_modified_time":"2025-04-10T11:19:32+00:00","twitter_card":"summary_large_image","twitter_misc":{"Dur\u00e9e de lecture estim\u00e9e":"8 minutes"},"schema":{"@context":"https:\/\/schema.org","@graph":[{"@type":"WebPage","@id":"https:\/\/www.sivom-bethunois.fr\/index.php\/social\/chrysalide\/","url":"https:\/\/www.sivom-bethunois.fr\/index.php\/social\/chrysalide\/","name":"Centre de Soins, d\u2019Accompagnement et de Pr\u00e9vention en Addictologie","isPartOf":{"@id":"https:\/\/www.sivom-bethunois.fr\/#website"},"datePublished":"2016-10-23T17:42:00+00:00","dateModified":"2025-04-10T11:19:32+00:00","description":"\u00ab La Chrysalide \u00bb accueille, informe et oriente les personnes en questionnement et\/ou en souffrance face \u00e0 des consommations \u00e0 risques.","breadcrumb":{"@id":"https:\/\/www.sivom-bethunois.fr\/index.php\/social\/chrysalide\/#breadcrumb"},"inLanguage":"fr-FR","potentialAction":[{"@type":"ReadAction","target":["https:\/\/www.sivom-bethunois.fr\/index.php\/social\/chrysalide\/"]}]},{"@type":"BreadcrumbList","@id":"https:\/\/www.sivom-bethunois.fr\/index.php\/social\/chrysalide\/#breadcrumb","itemListElement":[{"@type":"ListItem","position":1,"name":"Accueil","item":"https:\/\/www.sivom-bethunois.fr\/"},{"@type":"ListItem","position":2,"name":"Solidarit\u00e9","item":"https:\/\/www.sivom-bethunois.fr\/index.php\/social\/"},{"@type":"ListItem","position":3,"name":"CSAPA"}]},{"@type":"WebSite","@id":"https:\/\/www.sivom-bethunois.fr\/#website","url":"https:\/\/www.sivom-bethunois.fr\/","name":"SIVOM de la Communaut\u00e9 du B\u00e9thunois","description":"Acteur de votre quotidien","publisher":{"@id":"https:\/\/www.sivom-bethunois.fr\/#organization"},"potentialAction":[{"@type":"SearchAction","target":{"@type":"EntryPoint","urlTemplate":"https:\/\/www.sivom-bethunois.fr\/?s={search_term_string}"},"query-input":{"@type":"PropertyValueSpecification","valueRequired":true,"valueName":"search_term_string"}}],"inLanguage":"fr-FR"},{"@type":"Organization","@id":"https:\/\/www.sivom-bethunois.fr\/#organization","name":"SIVOM de la Communaut\u00e9 du B\u00e9thunois","url":"https:\/\/www.sivom-bethunois.fr\/","logo":{"@type":"ImageObject","inLanguage":"fr-FR","@id":"https:\/\/www.sivom-bethunois.fr\/#\/schema\/logo\/image\/","url":"https:\/\/www.sivom-bethunois.fr\/wp-content\/uploads\/2024\/07\/cropped-Logo-DG-site.png","contentUrl":"https:\/\/www.sivom-bethunois.fr\/wp-content\/uploads\/2024\/07\/cropped-Logo-DG-site.png","width":512,"height":512,"caption":"SIVOM de la Communaut\u00e9 du B\u00e9thunois"},"image":{"@id":"https:\/\/www.sivom-bethunois.fr\/#\/schema\/logo\/image\/"},"sameAs":["https:\/\/www.facebook.com\/sivom.bethunois"]}]}},"_links":{"self":[{"href":"https:\/\/www.sivom-bethunois.fr\/index.php\/wp-json\/wp\/v2\/pages\/1249","targetHints":{"allow":["GET"]}}],"collection":[{"href":"https:\/\/www.sivom-bethunois.fr\/index.php\/wp-json\/wp\/v2\/pages"}],"about":[{"href":"https:\/\/www.sivom-bethunois.fr\/index.php\/wp-json\/wp\/v2\/types\/page"}],"author":[{"embeddable":true,"href":"https:\/\/www.sivom-bethunois.fr\/index.php\/wp-json\/wp\/v2\/users\/35"}],"replies":[{"embeddable":true,"href":"https:\/\/www.sivom-bethunois.fr\/index.php\/wp-json\/wp\/v2\/comments?post=1249"}],"version-history":[{"count":33,"href":"https:\/\/www.sivom-bethunois.fr\/index.php\/wp-json\/wp\/v2\/pages\/1249\/revisions"}],"predecessor-version":[{"id":14608,"href":"https:\/\/www.sivom-bethunois.fr\/index.php\/wp-json\/wp\/v2\/pages\/1249\/revisions\/14608"}],"up":[{"embeddable":true,"href":"https:\/\/www.sivom-bethunois.fr\/index.php\/wp-json\/wp\/v2\/pages\/983"}],"wp:attachment":[{"href":"https:\/\/www.sivom-bethunois.fr\/index.php\/wp-json\/wp\/v2\/media?parent=1249"}],"curies":[{"name":"wp","href":"https:\/\/api.w.org\/{rel}","templated":true}]}}