{"id":1196,"date":"2016-10-22T23:59:53","date_gmt":"2016-10-22T22:59:53","guid":{"rendered":"http:\/\/www.sivom-bethunois.xyz\/?page_id=1196"},"modified":"2026-04-14T10:58:10","modified_gmt":"2026-04-14T08:58:10","slug":"sorbiers","status":"publish","type":"page","link":"https:\/\/www.sivom-bethunois.fr\/index.php\/social\/residences\/sorbiers\/","title":{"rendered":"R\u00e9sidence Sorbiers"},"content":{"rendered":"<div id=\"cs-content\" class=\"cs-content\"><div id=\"x-section-1\" class=\"x-section\" style=\"margin: 0px;padding: 0px; background-color: transparent;\" ><div id=\"\" class=\"x-container\" style=\"margin: 0px auto;padding: 0px;\" ><div  class=\"x-column x-sm x-1-1\" style=\"padding: 0px;\" ><div  class=\"x-feature-box left-text middle-text cf\" style=\" max-width: none;\" data-x-element=\"feature_box\" data-x-params=\"{&quot;child&quot;:false,&quot;graphicAnimation&quot;:&quot;flip&quot;,&quot;graphicAnimationOffset&quot;:&quot;50&quot;,&quot;graphicAnimationDelay&quot;:&quot;0&quot;}\"><div class=\"x-feature-box-graphic square x-feature-box-align-v-middle\"><div class=\"x-feature-box-graphic-outer square\" style=\" margin-right: 20px;\"><div class=\"x-feature-box-graphic-inner square\" style=\"font-size: 60px;\"><i class=\"x-icon-home square\" data-x-icon-s=\"&#xf015;\"  style=\"margin: 0 auto; color: #ffffff; background-color: hsl(338, 43%, 55%);\"><\/i><\/div><\/div><\/div><div class=\"x-feature-box-content x-feature-box-align-v-middle\"><h4 class=\"x-feature-box-title\" style=\"color: hsl(338, 43%, 55%);\">LA R\u00c9SIDENCE AUTONOMIE LES SORBIERS<\/h4><p class=\"x-feature-box-text\"><\/p><\/div><\/div><\/div><\/div><\/div><div id=\"x-section-2\" class=\"x-section\" style=\"margin: 0px;padding: 0px; background-color: transparent;\" ><div id=\"\" class=\"x-container\" style=\"margin: 0px auto;padding: 0px;\" ><div  class=\"x-column x-sm x-1-1\" style=\"padding: 0px;\" ><img decoding=\"async\"  class=\"x-img x-img-none\"  src=\"https:\/\/www.sivom-bethunois.fr\/wp-content\/uploads\/2021\/06\/Solidarite-Sante-Residence-Les-Sorbiers-titre.png\" alt=\"La R\u00e9sidence Autonomie Les Sorbiers\"><\/div><\/div><\/div><div id=\"x-section-3\" class=\"x-section\" style=\"margin: 0px;padding: 0px; background-color: transparent;\" ><div id=\"\" class=\"x-container\" style=\"margin: 0px auto;padding: 0px;\" ><div  class=\"x-column x-sm x-1-3\" style=\"padding: 0px;\" ><div  class=\"x-feature-box left-text middle-text cf\" style=\" max-width: none;\" data-x-element=\"feature_box\" data-x-params=\"{&quot;child&quot;:false,&quot;graphicAnimation&quot;:&quot;rubberBand&quot;,&quot;graphicAnimationOffset&quot;:&quot;50&quot;,&quot;graphicAnimationDelay&quot;:&quot;0&quot;}\"><div class=\"x-feature-box-graphic square x-feature-box-align-v-middle\"><div class=\"x-feature-box-graphic-outer square\" style=\" margin-right: 20px;\"><div class=\"x-feature-box-graphic-inner square\" style=\"font-size: 60px;\"><i class=\"x-icon-at square\" data-x-icon-s=\"&#x40;\"  style=\"margin: 0 auto; color: #ffffff; background-color: hsl(338, 67%, 65%);\"><\/i><\/div><\/div><\/div><div class=\"x-feature-box-content x-feature-box-align-v-middle\"><h4 class=\"x-feature-box-title\" style=\"color: hsl(338, 67%, 65%);\">Coordonn\u00e9es<\/h4><p class=\"x-feature-box-text\"><\/p><\/div><\/div><ul id=\"\" class=\"x-ul-icons\" style=\"\" ><li id=\"\" class=\"x-li-icon\" style=\"\" ><i class=\"x-icon-envelope-o\" aria-hidden=\"true\" style=\"\" data-x-icon-s=\"&#xf0e0;\" ><\/i>Boulevard de Varsovie<\/li><li id=\"\" class=\"x-li-icon\" style=\"\" ><i class=\"x-icon-envelope-o\" aria-hidden=\"true\" style=\"\" data-x-icon-s=\"&#xf0e0;\" ><\/i>62400 B\u00c9THUNE<\/li><li id=\"\" class=\"x-li-icon\" style=\"\" ><i class=\"x-icon-phone-square\" aria-hidden=\"true\" style=\"\" data-x-icon-s=\"&#xf098;\" ><\/i>03.21.68.38.22<\/li><\/ul><div  class=\"x-map embed\" ><div class=\"x-map-inner\"><iframe src=\"https:\/\/www.google.com\/maps\/embed?pb=!1m17!1m11!1m3!1d1662.8266171551306!2d2.6276566503960113!3d50.51963301198603!2m2!1f0!2f0!3m2!1i1024!2i768!4f13.1!3m3!1m2!1s0x0%3A0x567c00ca23caeee6!2sSivom+Communaut%C3%A9+du+B%C3%A9thunois!5e1!3m2!1sfr!2sus!4v1477177623328\" width=\"214\" height=\"290\" frameborder=\"0\" style=\"border:0\" allowfullscreen><\/iframe><\/div><\/div><\/div><div  class=\"x-column x-sm x-2-3\" style=\"padding: 0px;\" ><div id=\"\" class=\"x-text cs-ta-justify\" style=\"\" ><p>La R\u00e9sidence Autonomie Les Sorbiers est compos\u00e9e de 60 maisonnettes, d\u2019une superficie d&rsquo;environ 32 m\u00b2 chacune, et r\u00e9partie en 10 pavillons. Une maisonnette comprend : un espace de vie, un coin cuisine, une salle d\u2019eau, un placard pour les v\u00eatements et un jardinet.<\/p>\n<p>Le SIVOM de la Communaut\u00e9 du B\u00e9thunois vous offre en ces lieux, un accueil et une \u00e9coute, une prise en charge par du personnel souriant et professionnel, un endroit tr\u00e8s convivial pour vous permettre de rompre avec l\u2019isolement et la solitude.<\/p>\n<p>Nous disposons au sein de chaque r\u00e9sidence d\u2019une conciergerie pouvant intervenir de jour comme de nuit (24H\/24).<br \/>\nDes animations se tiennent chaque semaine au sein des r\u00e9sidences. Certains ateliers comme des cours de gymnastique douce sont propos\u00e9s.<\/p>\n<p>Pour \u00eatre admis dans nos r\u00e9sidences, il faut \u00eatre \u00e2g\u00e9 au minimum de 60 ans et \u00eatre valide (GIR 5 ou 6), ou sur d\u00e9rogation du Conseil D\u00e9partemental pour les personnes de moins de 60 ans.<\/p>\n<\/div><\/div><\/div><\/div><div id=\"x-section-4\" class=\"x-section\" style=\"margin: 0px;padding: 0px; background-color: transparent;\" ><div id=\"\" class=\"x-container\" style=\"margin: 0px auto;padding: 0px;\" ><div  class=\"x-column x-sm x-1-4\" style=\"padding: 0px;\" ><div  class=\"x-feature-box left-text middle-text cf\" style=\" max-width: none;\" data-x-element=\"feature_box\" data-x-params=\"{&quot;child&quot;:false,&quot;graphicAnimation&quot;:&quot;wobble&quot;,&quot;graphicAnimationOffset&quot;:&quot;50&quot;,&quot;graphicAnimationDelay&quot;:&quot;0&quot;}\"><div class=\"x-feature-box-graphic circle x-feature-box-align-v-middle\"><div class=\"x-feature-box-graphic-outer circle\" style=\" margin-right: 20px;\"><div class=\"x-feature-box-graphic-inner circle\" style=\"font-size: 60px;\"><i class=\"x-icon-group circle\" data-x-icon-s=\"&#xf0c0;\"  style=\"margin: 0 auto; color: #ffffff; background-color: hsl(0, 0%, 25%);\"><\/i><\/div><\/div><\/div><div class=\"x-feature-box-content x-feature-box-align-v-middle\"><h4 class=\"x-feature-box-title\" style=\"color: hsl(0, 0%, 25%);\">L'\u00e9quipe<\/h4><p class=\"x-feature-box-text\"><\/p><\/div><\/div><div id=\"\" class=\"x-text\" style=\"\" ><p><strong>Responsable :<br \/>\n<\/strong>Mme Caroline SALMON<\/p>\n<\/div><\/div><div  class=\"x-column x-sm x-1-4\" style=\"padding: 0px;\" ><div  class=\"x-feature-box left-text middle-text cf\" style=\" max-width: none;\" data-x-element=\"feature_box\" data-x-params=\"{&quot;child&quot;:false,&quot;graphicAnimation&quot;:&quot;wobble&quot;,&quot;graphicAnimationOffset&quot;:&quot;50&quot;,&quot;graphicAnimationDelay&quot;:&quot;0&quot;}\"><div class=\"x-feature-box-graphic circle x-feature-box-align-v-middle\"><div class=\"x-feature-box-graphic-outer circle\" style=\" margin-right: 20px;\"><div class=\"x-feature-box-graphic-inner circle\" style=\"font-size: 60px;\"><i class=\"x-icon-clock-o circle\" data-x-icon-s=\"&#xf017;\"  style=\"margin: 0 auto; color: #ffffff; background-color: hsl(0, 0%, 25%);\"><\/i><\/div><\/div><\/div><div class=\"x-feature-box-content x-feature-box-align-v-middle\"><h4 class=\"x-feature-box-title\" style=\"color: hsl(0, 0%, 25%);\">Accueil<\/h4><p class=\"x-feature-box-text\"><\/p><\/div><\/div><div id=\"\" class=\"x-text\" style=\"\" ><p>Du lundi au vendredi :<br \/>\nDe 09H00 \u00e0 12H30<br \/>\nDe 14H00 \u00e0 17H00<\/p>\n<\/div><\/div><div  class=\"x-column x-sm x-1-4\" style=\"padding: 0px;\" ><div  class=\"x-feature-box left-text middle-text cf\" style=\" max-width: none;\" data-x-element=\"feature_box\" data-x-params=\"{&quot;child&quot;:false,&quot;graphicAnimation&quot;:&quot;wobble&quot;,&quot;graphicAnimationOffset&quot;:&quot;50&quot;,&quot;graphicAnimationDelay&quot;:&quot;0&quot;}\"><div class=\"x-feature-box-graphic circle x-feature-box-align-v-middle\"><div class=\"x-feature-box-graphic-outer circle\" style=\" margin-right: 20px;\"><div class=\"x-feature-box-graphic-inner circle\" style=\"font-size: 60px;\"><i class=\"x-icon-group circle\" data-x-icon-s=\"&#xf0c0;\"  style=\"margin: 0 auto; color: #ffffff; background-color: hsl(0, 0%, 25%);\"><\/i><\/div><\/div><\/div><div class=\"x-feature-box-content x-feature-box-align-v-middle\"><h4 class=\"x-feature-box-title\" style=\"color: hsl(0, 0%, 25%);\">Conciergerie<\/h4><p class=\"x-feature-box-text\"><\/p><\/div><\/div><div id=\"\" class=\"x-text\" style=\"\" ><p>Permanence conciergerie : 24H\/24H<br \/>\nOuverture du restaurant toute l\u2019ann\u00e9e. <\/p>\n<\/div><\/div><div  class=\"x-column x-sm x-1-4\" style=\"padding: 0px;\" ><div  class=\"x-feature-box left-text middle-text cf\" style=\" max-width: none;\" data-x-element=\"feature_box\" data-x-params=\"{&quot;child&quot;:false,&quot;graphicAnimation&quot;:&quot;wobble&quot;,&quot;graphicAnimationOffset&quot;:&quot;50&quot;,&quot;graphicAnimationDelay&quot;:&quot;0&quot;}\"><div class=\"x-feature-box-graphic circle x-feature-box-align-v-middle\"><div class=\"x-feature-box-graphic-outer circle\" style=\" margin-right: 20px;\"><div class=\"x-feature-box-graphic-inner circle\" style=\"font-size: 60px;\"><i class=\"x-icon-group circle\" data-x-icon-s=\"&#xf0c0;\"  style=\"margin: 0 auto; color: #ffffff; background-color: hsl(0, 0%, 25%);\"><\/i><\/div><\/div><\/div><div class=\"x-feature-box-content x-feature-box-align-v-middle\"><h4 class=\"x-feature-box-title\" style=\"color: hsl(0, 0%, 25%);\">Journal<\/h4><p class=\"x-feature-box-text\"><\/p><\/div><\/div><div id=\"\" class=\"x-text\" style=\"\" ><p><i  class=\"x-icon x-icon-newspaper-o\" data-x-icon-s=\"&#xf1ea;\" aria-hidden=\"true\"><\/i> <a href=\"https:\/\/www.sivom-bethunois.fr\/wp-content\/uploads\/2026\/04\/Ehpanoui-avril-Les-Sorbiers.pdf\" target=\"_blank\" rel=\"noopener\">L&rsquo;E.H.P.Anoui<\/a><\/p>\n<\/div><\/div><\/div><\/div><div id=\"x-section-5\" class=\"x-section\" style=\"margin: 0px;padding: 0px; background-color: transparent;\" ><div id=\"\" class=\"x-container\" style=\"margin: 0px auto;padding: 0px;\" ><\/div><\/div><div id=\"x-section-6\" class=\"x-section\" style=\"margin: 0px;padding: 0px; background-color: transparent;\" ><div id=\"\" class=\"x-container\" style=\"margin: 0px auto;padding: 0px;\" ><div  class=\"x-column x-sm x-1-1\" style=\"padding: 0px;\" ><div  class=\"x-feature-box left-text middle-text cf\" style=\" max-width: none;\" data-x-element=\"feature_box\" data-x-params=\"{&quot;child&quot;:false,&quot;graphicAnimation&quot;:&quot;rubberBand&quot;,&quot;graphicAnimationOffset&quot;:&quot;50&quot;,&quot;graphicAnimationDelay&quot;:&quot;0&quot;}\"><div class=\"x-feature-box-graphic square x-feature-box-align-v-middle\"><div class=\"x-feature-box-graphic-outer square\" style=\" margin-right: 20px;\"><div class=\"x-feature-box-graphic-inner square\" style=\"font-size: 60px;\"><i class=\"x-icon-file-text-o square\" data-x-icon-s=\"&#xf15c;\"  style=\"margin: 0 auto; color: #ffffff; background-color: hsl(338, 67%, 65%);\"><\/i><\/div><\/div><\/div><div class=\"x-feature-box-content x-feature-box-align-v-middle\"><h4 class=\"x-feature-box-title\" style=\"color: hsl(338, 67%, 65%);\">Plus d'informations pratiques<\/h4><p class=\"x-feature-box-text\"><\/p><\/div><\/div><hr  class=\"x-hr\" style=\"border-top-width: 1px;width: 100%;\"><\/div><\/div><\/div><div id=\"x-section-7\" class=\"x-section\" style=\"margin: 0px;padding: 0px; background-color: transparent;\" ><div id=\"\" class=\"x-container\" style=\"margin: 0px auto;padding: 0px;\" ><div  class=\"x-column x-sm x-1-2\" style=\"padding: 0px;\" ><div id=\"\" class=\"x-text\" style=\"\" ><p><i  class=\"x-icon x-icon-file-text-o\" data-x-icon-s=\"&#xf15c;\" aria-hidden=\"true\"><\/i> <a href=\"https:\/\/www.sivom-bethunois.fr\/wp-content\/uploads\/2018\/02\/D\u00e9pliant-Sorbiers-2018.pdf\" target=\"_blank\" rel=\"noopener\">D\u00e9pliant de pr\u00e9sentation<\/a><br \/>\n<i  class=\"x-icon x-icon-file-text-o\" data-x-icon-s=\"&#xf15c;\" aria-hidden=\"true\"><\/i> <a href=\"https:\/\/www.sivom-bethunois.fr\/wp-content\/uploads\/2018\/02\/Livret-daccueil-Sorbiers.pdf\" target=\"_blank\" rel=\"noopener\">Livret d&rsquo;accueil<\/a><br \/>\n<i  class=\"x-icon x-icon-file-text-o\" data-x-icon-s=\"&#xf15c;\" aria-hidden=\"true\"><\/i> <a href=\"https:\/\/www.sivom-bethunois.fr\/wp-content\/uploads\/2019\/01\/R\u00e8glement-de-Fonctionnement-Sorbiers-V2.pdf\" target=\"_blank\" rel=\"noopener\">R\u00e8glement de fonctionnement<\/a><\/p>\n<\/div><\/div><div  class=\"x-column x-sm x-1-2\" style=\"padding: 0px;\" ><div id=\"\" class=\"x-text\" style=\"\" ><p><i  class=\"x-icon x-icon-file-text-o\" data-x-icon-s=\"&#xf15c;\" aria-hidden=\"true\"><\/i> <a href=\"https:\/\/www.sivom-bethunois.fr\/wp-content\/uploads\/2018\/02\/Dossier-de-demande-dadmission-EHPA-V4.pdf\" target=\"_blank\" rel=\"noopener\">Demande d&rsquo;admission<\/a><br \/>\n<i  class=\"x-icon x-icon-file-text-o\" data-x-icon-s=\"&#xf15c;\" aria-hidden=\"true\"><\/i> <a href=\"https:\/\/www.sivom-bethunois.fr\/wp-content\/uploads\/2019\/01\/Contrat-de-s\u00e9jour-Sorbiers-V2.pdf\" target=\"_blank\" rel=\"noopener\">Contrat de s\u00e9jour<\/a><\/p>\n<\/div><\/div><\/div><\/div><\/div>\n","protected":false},"excerpt":{"rendered":"","protected":false},"author":35,"featured_media":0,"parent":1055,"menu_order":0,"comment_status":"closed","ping_status":"closed","template":"","meta":{"_monsterinsights_skip_tracking":false,"_monsterinsights_sitenote_active":false,"_monsterinsights_sitenote_note":"","_monsterinsights_sitenote_category":0,"footnotes":""},"class_list":["post-1196","page","type-page","status-publish","hentry","no-post-thumbnail"],"yoast_head":"<!-- This site is optimized with the Yoast SEO plugin v27.5 - https:\/\/yoast.com\/product\/yoast-seo-wordpress\/ -->\n<title>La r\u00e9sidence autonomie Les Sorbiers g\u00e9r\u00e9e par le SIVOM du B\u00e9thunois<\/title>\n<meta name=\"description\" content=\"G\u00e9r\u00e9e par le SIVOM du B\u00e9thunois, la r\u00e9sidence autonomie Guynemer de B\u00e9thune accueille les personnes valides de plus de 60 ans dans un cadre convivial.\" \/>\n<meta name=\"robots\" content=\"index, follow, max-snippet:-1, max-image-preview:large, max-video-preview:-1\" \/>\n<link rel=\"canonical\" href=\"https:\/\/www.sivom-bethunois.fr\/index.php\/social\/residences\/sorbiers\/\" \/>\n<meta property=\"og:locale\" content=\"fr_FR\" \/>\n<meta property=\"og:type\" content=\"article\" \/>\n<meta property=\"og:title\" content=\"La r\u00e9sidence autonomie Les Sorbiers g\u00e9r\u00e9e par le SIVOM du B\u00e9thunois\" \/>\n<meta property=\"og:description\" content=\"G\u00e9r\u00e9e par le SIVOM du B\u00e9thunois, la r\u00e9sidence autonomie Guynemer de B\u00e9thune accueille les personnes valides de plus de 60 ans dans un cadre convivial.\" \/>\n<meta property=\"og:url\" content=\"https:\/\/www.sivom-bethunois.fr\/index.php\/social\/residences\/sorbiers\/\" \/>\n<meta property=\"og:site_name\" content=\"SIVOM de la Communaut\u00e9 du B\u00e9thunois\" \/>\n<meta property=\"article:publisher\" content=\"https:\/\/www.facebook.com\/sivom.bethunois\" \/>\n<meta property=\"article:modified_time\" content=\"2026-04-14T08:58:10+00:00\" \/>\n<meta name=\"twitter:card\" content=\"summary_large_image\" \/>\n<meta name=\"twitter:label1\" content=\"Dur\u00e9e de lecture estim\u00e9e\" \/>\n\t<meta name=\"twitter:data1\" content=\"7 minutes\" \/>\n<script type=\"application\/ld+json\" class=\"yoast-schema-graph\">{\"@context\":\"https:\\\/\\\/schema.org\",\"@graph\":[{\"@type\":\"WebPage\",\"@id\":\"https:\\\/\\\/www.sivom-bethunois.fr\\\/index.php\\\/social\\\/residences\\\/sorbiers\\\/\",\"url\":\"https:\\\/\\\/www.sivom-bethunois.fr\\\/index.php\\\/social\\\/residences\\\/sorbiers\\\/\",\"name\":\"La r\u00e9sidence autonomie Les Sorbiers g\u00e9r\u00e9e par le SIVOM du B\u00e9thunois\",\"isPartOf\":{\"@id\":\"https:\\\/\\\/www.sivom-bethunois.fr\\\/#website\"},\"datePublished\":\"2016-10-22T22:59:53+00:00\",\"dateModified\":\"2026-04-14T08:58:10+00:00\",\"description\":\"G\u00e9r\u00e9e par le SIVOM du B\u00e9thunois, la r\u00e9sidence autonomie Guynemer de B\u00e9thune accueille les personnes valides de plus de 60 ans dans un cadre convivial.\",\"breadcrumb\":{\"@id\":\"https:\\\/\\\/www.sivom-bethunois.fr\\\/index.php\\\/social\\\/residences\\\/sorbiers\\\/#breadcrumb\"},\"inLanguage\":\"fr-FR\",\"potentialAction\":[{\"@type\":\"ReadAction\",\"target\":[\"https:\\\/\\\/www.sivom-bethunois.fr\\\/index.php\\\/social\\\/residences\\\/sorbiers\\\/\"]}]},{\"@type\":\"BreadcrumbList\",\"@id\":\"https:\\\/\\\/www.sivom-bethunois.fr\\\/index.php\\\/social\\\/residences\\\/sorbiers\\\/#breadcrumb\",\"itemListElement\":[{\"@type\":\"ListItem\",\"position\":1,\"name\":\"Accueil\",\"item\":\"https:\\\/\\\/www.sivom-bethunois.fr\\\/\"},{\"@type\":\"ListItem\",\"position\":2,\"name\":\"Solidarit\u00e9\",\"item\":\"https:\\\/\\\/www.sivom-bethunois.fr\\\/index.php\\\/social\\\/\"},{\"@type\":\"ListItem\",\"position\":3,\"name\":\"R\u00e9sidences Autonomie\",\"item\":\"https:\\\/\\\/www.sivom-bethunois.fr\\\/index.php\\\/social\\\/residences\\\/\"},{\"@type\":\"ListItem\",\"position\":4,\"name\":\"R\u00e9sidence Sorbiers\"}]},{\"@type\":\"WebSite\",\"@id\":\"https:\\\/\\\/www.sivom-bethunois.fr\\\/#website\",\"url\":\"https:\\\/\\\/www.sivom-bethunois.fr\\\/\",\"name\":\"SIVOM de la Communaut\u00e9 du B\u00e9thunois\",\"description\":\"Acteur de votre quotidien\",\"publisher\":{\"@id\":\"https:\\\/\\\/www.sivom-bethunois.fr\\\/#organization\"},\"potentialAction\":[{\"@type\":\"SearchAction\",\"target\":{\"@type\":\"EntryPoint\",\"urlTemplate\":\"https:\\\/\\\/www.sivom-bethunois.fr\\\/?s={search_term_string}\"},\"query-input\":{\"@type\":\"PropertyValueSpecification\",\"valueRequired\":true,\"valueName\":\"search_term_string\"}}],\"inLanguage\":\"fr-FR\"},{\"@type\":\"Organization\",\"@id\":\"https:\\\/\\\/www.sivom-bethunois.fr\\\/#organization\",\"name\":\"SIVOM de la Communaut\u00e9 du B\u00e9thunois\",\"url\":\"https:\\\/\\\/www.sivom-bethunois.fr\\\/\",\"logo\":{\"@type\":\"ImageObject\",\"inLanguage\":\"fr-FR\",\"@id\":\"https:\\\/\\\/www.sivom-bethunois.fr\\\/#\\\/schema\\\/logo\\\/image\\\/\",\"url\":\"https:\\\/\\\/www.sivom-bethunois.fr\\\/wp-content\\\/uploads\\\/2024\\\/07\\\/cropped-Logo-DG-site.png\",\"contentUrl\":\"https:\\\/\\\/www.sivom-bethunois.fr\\\/wp-content\\\/uploads\\\/2024\\\/07\\\/cropped-Logo-DG-site.png\",\"width\":512,\"height\":512,\"caption\":\"SIVOM de la Communaut\u00e9 du B\u00e9thunois\"},\"image\":{\"@id\":\"https:\\\/\\\/www.sivom-bethunois.fr\\\/#\\\/schema\\\/logo\\\/image\\\/\"},\"sameAs\":[\"https:\\\/\\\/www.facebook.com\\\/sivom.bethunois\"]}]}<\/script>\n<!-- \/ Yoast SEO plugin. -->","yoast_head_json":{"title":"La r\u00e9sidence autonomie Les Sorbiers g\u00e9r\u00e9e par le SIVOM du B\u00e9thunois","description":"G\u00e9r\u00e9e par le SIVOM du B\u00e9thunois, la r\u00e9sidence autonomie Guynemer de B\u00e9thune accueille les personnes valides de plus de 60 ans dans un cadre convivial.","robots":{"index":"index","follow":"follow","max-snippet":"max-snippet:-1","max-image-preview":"max-image-preview:large","max-video-preview":"max-video-preview:-1"},"canonical":"https:\/\/www.sivom-bethunois.fr\/index.php\/social\/residences\/sorbiers\/","og_locale":"fr_FR","og_type":"article","og_title":"La r\u00e9sidence autonomie Les Sorbiers g\u00e9r\u00e9e par le SIVOM du B\u00e9thunois","og_description":"G\u00e9r\u00e9e par le SIVOM du B\u00e9thunois, la r\u00e9sidence autonomie Guynemer de B\u00e9thune accueille les personnes valides de plus de 60 ans dans un cadre convivial.","og_url":"https:\/\/www.sivom-bethunois.fr\/index.php\/social\/residences\/sorbiers\/","og_site_name":"SIVOM de la Communaut\u00e9 du B\u00e9thunois","article_publisher":"https:\/\/www.facebook.com\/sivom.bethunois","article_modified_time":"2026-04-14T08:58:10+00:00","twitter_card":"summary_large_image","twitter_misc":{"Dur\u00e9e de lecture estim\u00e9e":"7 minutes"},"schema":{"@context":"https:\/\/schema.org","@graph":[{"@type":"WebPage","@id":"https:\/\/www.sivom-bethunois.fr\/index.php\/social\/residences\/sorbiers\/","url":"https:\/\/www.sivom-bethunois.fr\/index.php\/social\/residences\/sorbiers\/","name":"La r\u00e9sidence autonomie Les Sorbiers g\u00e9r\u00e9e par le SIVOM du B\u00e9thunois","isPartOf":{"@id":"https:\/\/www.sivom-bethunois.fr\/#website"},"datePublished":"2016-10-22T22:59:53+00:00","dateModified":"2026-04-14T08:58:10+00:00","description":"G\u00e9r\u00e9e par le SIVOM du B\u00e9thunois, la r\u00e9sidence autonomie Guynemer de B\u00e9thune accueille les personnes valides de plus de 60 ans dans un cadre convivial.","breadcrumb":{"@id":"https:\/\/www.sivom-bethunois.fr\/index.php\/social\/residences\/sorbiers\/#breadcrumb"},"inLanguage":"fr-FR","potentialAction":[{"@type":"ReadAction","target":["https:\/\/www.sivom-bethunois.fr\/index.php\/social\/residences\/sorbiers\/"]}]},{"@type":"BreadcrumbList","@id":"https:\/\/www.sivom-bethunois.fr\/index.php\/social\/residences\/sorbiers\/#breadcrumb","itemListElement":[{"@type":"ListItem","position":1,"name":"Accueil","item":"https:\/\/www.sivom-bethunois.fr\/"},{"@type":"ListItem","position":2,"name":"Solidarit\u00e9","item":"https:\/\/www.sivom-bethunois.fr\/index.php\/social\/"},{"@type":"ListItem","position":3,"name":"R\u00e9sidences Autonomie","item":"https:\/\/www.sivom-bethunois.fr\/index.php\/social\/residences\/"},{"@type":"ListItem","position":4,"name":"R\u00e9sidence Sorbiers"}]},{"@type":"WebSite","@id":"https:\/\/www.sivom-bethunois.fr\/#website","url":"https:\/\/www.sivom-bethunois.fr\/","name":"SIVOM de la Communaut\u00e9 du B\u00e9thunois","description":"Acteur de votre quotidien","publisher":{"@id":"https:\/\/www.sivom-bethunois.fr\/#organization"},"potentialAction":[{"@type":"SearchAction","target":{"@type":"EntryPoint","urlTemplate":"https:\/\/www.sivom-bethunois.fr\/?s={search_term_string}"},"query-input":{"@type":"PropertyValueSpecification","valueRequired":true,"valueName":"search_term_string"}}],"inLanguage":"fr-FR"},{"@type":"Organization","@id":"https:\/\/www.sivom-bethunois.fr\/#organization","name":"SIVOM de la Communaut\u00e9 du B\u00e9thunois","url":"https:\/\/www.sivom-bethunois.fr\/","logo":{"@type":"ImageObject","inLanguage":"fr-FR","@id":"https:\/\/www.sivom-bethunois.fr\/#\/schema\/logo\/image\/","url":"https:\/\/www.sivom-bethunois.fr\/wp-content\/uploads\/2024\/07\/cropped-Logo-DG-site.png","contentUrl":"https:\/\/www.sivom-bethunois.fr\/wp-content\/uploads\/2024\/07\/cropped-Logo-DG-site.png","width":512,"height":512,"caption":"SIVOM de la Communaut\u00e9 du B\u00e9thunois"},"image":{"@id":"https:\/\/www.sivom-bethunois.fr\/#\/schema\/logo\/image\/"},"sameAs":["https:\/\/www.facebook.com\/sivom.bethunois"]}]}},"_links":{"self":[{"href":"https:\/\/www.sivom-bethunois.fr\/index.php\/wp-json\/wp\/v2\/pages\/1196","targetHints":{"allow":["GET"]}}],"collection":[{"href":"https:\/\/www.sivom-bethunois.fr\/index.php\/wp-json\/wp\/v2\/pages"}],"about":[{"href":"https:\/\/www.sivom-bethunois.fr\/index.php\/wp-json\/wp\/v2\/types\/page"}],"author":[{"embeddable":true,"href":"https:\/\/www.sivom-bethunois.fr\/index.php\/wp-json\/wp\/v2\/users\/35"}],"replies":[{"embeddable":true,"href":"https:\/\/www.sivom-bethunois.fr\/index.php\/wp-json\/wp\/v2\/comments?post=1196"}],"version-history":[{"count":47,"href":"https:\/\/www.sivom-bethunois.fr\/index.php\/wp-json\/wp\/v2\/pages\/1196\/revisions"}],"predecessor-version":[{"id":15992,"href":"https:\/\/www.sivom-bethunois.fr\/index.php\/wp-json\/wp\/v2\/pages\/1196\/revisions\/15992"}],"up":[{"embeddable":true,"href":"https:\/\/www.sivom-bethunois.fr\/index.php\/wp-json\/wp\/v2\/pages\/1055"}],"wp:attachment":[{"href":"https:\/\/www.sivom-bethunois.fr\/index.php\/wp-json\/wp\/v2\/media?parent=1196"}],"curies":[{"name":"wp","href":"https:\/\/api.w.org\/{rel}","templated":true}]}}